{"id":22425,"date":"2021-02-19T08:48:13","date_gmt":"2021-02-19T07:48:15","guid":{"rendered":"https:\/\/www.krause-kundk.de\/en\/products\/couplings\/mortar-pressure-gauge-kopieren\/"},"modified":"2021-09-20T14:07:16","modified_gmt":"2021-09-20T12:07:16","slug":"mortar-pressure-gauge-with-male-adapter-and-male-thread","status":"publish","type":"product","link":"https:\/\/www.krause-kundk.de\/en\/products\/couplings\/mortar-couplings\/mortar-pressure-gauge-with-male-adapter-and-male-thread\/","title":{"rendered":"Mortar pressure gauge with male adapter and male thread"},"content":{"rendered":"","protected":false},"excerpt":{"rendered":"<ul>\n<li>Glycerine-filled pressure gauges (PN 0-100) for mortar pressure determination in plastering machines<\/li>\n<li>Pressure gauge is 360\u00b0 rotatable, replaceable and covered with a rubber protection<\/li>\n<li>Material: casting\/steel, zinc plated<\/li>\n<li>Gasket: NBR (coupler)<\/li>\n<li>There are two size systems: 22 and 23,5<\/li>\n<li>Only the same system size is interchangeable<\/li>\n<li>Advantages of the mortar pressure gauge: Constant control of the correct delivery pressure, early detection of plugging or overloading of the pump motor, long service life of the pump parts, serves to a large extent for the operators safety, etc.<\/li>\n<\/ul>\n","protected":false},"featured_media":22520,"template":"","meta":[],"product_cat":[180,183],"product_tag":[],"class_list":{"0":"post-22425","1":"product","2":"type-product","3":"status-publish","4":"has-post-thumbnail","6":"product_cat-couplings","7":"product_cat-mortar-couplings","8":"","9":"woocommerce-text-align-center","10":"woocommerce-image-align-center","12":"first","13":"instock","14":"shipping-taxable","15":"purchasable","16":"product-type-variable"},"yoast_head":"<!-- This site is optimized with the Yoast SEO plugin v27.1.1 - https:\/\/yoast.com\/product\/yoast-seo-wordpress\/ -->\n<title>Mortar pressure gauge with male adapter and male thread - Krause K + K GmbH<\/title>\n<meta name=\"robots\" content=\"index, follow, max-snippet:-1, max-image-preview:large, max-video-preview:-1\" \/>\n<link rel=\"canonical\" href=\"https:\/\/www.krause-kundk.de\/en\/products\/couplings\/mortar-couplings\/mortar-pressure-gauge-with-male-adapter-and-male-thread\/\" \/>\n<meta property=\"og:locale\" content=\"en_US\" \/>\n<meta property=\"og:type\" content=\"article\" \/>\n<meta property=\"og:title\" content=\"Mortar pressure gauge with male adapter and male thread - Krause K + K GmbH\" \/>\n<meta property=\"og:description\" content=\"Glycerine-filled pressure gauges (PN 0-100) for mortar pressure determination in plastering machines  Pressure gauge is 360\u00b0 rotatable, replaceable and covered with a rubber protection  Material: casting\/steel, zinc plated  Gasket: NBR (coupler)  There are two size systems: 22 and 23,5  Only the same system size is interchangeable  Advantages of the mortar pressure gauge: Constant control of the correct delivery pressure, early detection of plugging or overloading of the pump motor, long service life of the pump parts, serves to a large extent for the operators safety, etc.\" \/>\n<meta property=\"og:url\" content=\"https:\/\/www.krause-kundk.de\/en\/products\/couplings\/mortar-couplings\/mortar-pressure-gauge-with-male-adapter-and-male-thread\/\" \/>\n<meta property=\"og:site_name\" content=\"Krause K + K GmbH\" \/>\n<meta property=\"article:modified_time\" content=\"2021-09-20T12:07:16+00:00\" \/>\n<meta property=\"og:image\" content=\"https:\/\/www.krause-kundk.de\/wp-content\/uploads\/2021\/03\/M\u00f6rteldruckmanometer-mit-M\u00f6rtelkupplung-Vaterteil-und-Au\u00dfengewinde.jpg\" \/>\n\t<meta property=\"og:image:width\" content=\"601\" \/>\n\t<meta property=\"og:image:height\" content=\"620\" \/>\n\t<meta property=\"og:image:type\" content=\"image\/jpeg\" \/>\n<meta name=\"twitter:card\" content=\"summary_large_image\" \/>\n<script type=\"application\/ld+json\" class=\"yoast-schema-graph\">{\"@context\":\"https:\/\/schema.org\",\"@graph\":[{\"@type\":\"WebPage\",\"@id\":\"https:\/\/www.krause-kundk.de\/en\/products\/couplings\/mortar-couplings\/mortar-pressure-gauge-with-male-adapter-and-male-thread\/\",\"url\":\"https:\/\/www.krause-kundk.de\/en\/products\/couplings\/mortar-couplings\/mortar-pressure-gauge-with-male-adapter-and-male-thread\/\",\"name\":\"Mortar pressure gauge with male adapter and male thread - Krause K + K GmbH\",\"isPartOf\":{\"@id\":\"https:\/\/www.krause-kundk.de\/#website\"},\"primaryImageOfPage\":{\"@id\":\"https:\/\/www.krause-kundk.de\/en\/products\/couplings\/mortar-couplings\/mortar-pressure-gauge-with-male-adapter-and-male-thread\/#primaryimage\"},\"image\":{\"@id\":\"https:\/\/www.krause-kundk.de\/en\/products\/couplings\/mortar-couplings\/mortar-pressure-gauge-with-male-adapter-and-male-thread\/#primaryimage\"},\"thumbnailUrl\":\"https:\/\/www.krause-kundk.de\/wp-content\/uploads\/2021\/03\/M\u00f6rteldruckmanometer-mit-M\u00f6rtelkupplung-Vaterteil-und-Au\u00dfengewinde.jpg\",\"datePublished\":\"2021-02-19T07:48:15+00:00\",\"dateModified\":\"2021-09-20T12:07:16+00:00\",\"breadcrumb\":{\"@id\":\"https:\/\/www.krause-kundk.de\/en\/products\/couplings\/mortar-couplings\/mortar-pressure-gauge-with-male-adapter-and-male-thread\/#breadcrumb\"},\"inLanguage\":\"en-US\",\"potentialAction\":[{\"@type\":\"ReadAction\",\"target\":[\"https:\/\/www.krause-kundk.de\/en\/products\/couplings\/mortar-couplings\/mortar-pressure-gauge-with-male-adapter-and-male-thread\/\"]}]},{\"@type\":\"ImageObject\",\"inLanguage\":\"en-US\",\"@id\":\"https:\/\/www.krause-kundk.de\/en\/products\/couplings\/mortar-couplings\/mortar-pressure-gauge-with-male-adapter-and-male-thread\/#primaryimage\",\"url\":\"https:\/\/www.krause-kundk.de\/wp-content\/uploads\/2021\/03\/M\u00f6rteldruckmanometer-mit-M\u00f6rtelkupplung-Vaterteil-und-Au\u00dfengewinde.jpg\",\"contentUrl\":\"https:\/\/www.krause-kundk.de\/wp-content\/uploads\/2021\/03\/M\u00f6rteldruckmanometer-mit-M\u00f6rtelkupplung-Vaterteil-und-Au\u00dfengewinde.jpg\",\"width\":601,\"height\":620,\"caption\":\"Mortar pressure gauge with male adapter and male thread\"},{\"@type\":\"BreadcrumbList\",\"@id\":\"https:\/\/www.krause-kundk.de\/en\/products\/couplings\/mortar-couplings\/mortar-pressure-gauge-with-male-adapter-and-male-thread\/#breadcrumb\",\"itemListElement\":[{\"@type\":\"ListItem\",\"position\":1,\"name\":\"\",\"item\":\"https:\/\/www.krause-kundk.de\/en\/\"},{\"@type\":\"ListItem\",\"position\":2,\"name\":\"Products\",\"item\":\"https:\/\/www.krause-kundk.de\/en\/product-overview\/\"},{\"@type\":\"ListItem\",\"position\":3,\"name\":\"Couplings\",\"item\":\"https:\/\/www.krause-kundk.de\/en\/product-category\/couplings\/\"},{\"@type\":\"ListItem\",\"position\":4,\"name\":\"Mortar couplings and accessories\",\"item\":\"https:\/\/www.krause-kundk.de\/en\/product-category\/couplings\/mortar-couplings\/\"},{\"@type\":\"ListItem\",\"position\":5,\"name\":\"Mortar pressure gauge with male adapter and male thread\"}]},{\"@type\":\"WebSite\",\"@id\":\"https:\/\/www.krause-kundk.de\/#website\",\"url\":\"https:\/\/www.krause-kundk.de\/\",\"name\":\"Krause K + K GmbH\",\"description\":\"Armaturenfabrik\",\"publisher\":{\"@id\":\"https:\/\/www.krause-kundk.de\/#organization\"},\"potentialAction\":[{\"@type\":\"SearchAction\",\"target\":{\"@type\":\"EntryPoint\",\"urlTemplate\":\"https:\/\/www.krause-kundk.de\/?s={search_term_string}\"},\"query-input\":{\"@type\":\"PropertyValueSpecification\",\"valueRequired\":true,\"valueName\":\"search_term_string\"}}],\"inLanguage\":\"en-US\"},{\"@type\":\"Organization\",\"@id\":\"https:\/\/www.krause-kundk.de\/#organization\",\"name\":\"Krause K + K GmbH\",\"url\":\"https:\/\/www.krause-kundk.de\/\",\"logo\":{\"@type\":\"ImageObject\",\"inLanguage\":\"en-US\",\"@id\":\"https:\/\/www.krause-kundk.de\/#\/schema\/logo\/image\/\",\"url\":\"https:\/\/www.krause-kundk.de\/wp-content\/uploads\/2021\/08\/logo_krause.png\",\"contentUrl\":\"https:\/\/www.krause-kundk.de\/wp-content\/uploads\/2021\/08\/logo_krause.png\",\"width\":300,\"height\":52,\"caption\":\"Krause K + K GmbH\"},\"image\":{\"@id\":\"https:\/\/www.krause-kundk.de\/#\/schema\/logo\/image\/\"}}]}<\/script>\n<!-- \/ Yoast SEO plugin. -->","yoast_head_json":{"title":"Mortar pressure gauge with male adapter and male thread - Krause K + K GmbH","robots":{"index":"index","follow":"follow","max-snippet":"max-snippet:-1","max-image-preview":"max-image-preview:large","max-video-preview":"max-video-preview:-1"},"canonical":"https:\/\/www.krause-kundk.de\/en\/products\/couplings\/mortar-couplings\/mortar-pressure-gauge-with-male-adapter-and-male-thread\/","og_locale":"en_US","og_type":"article","og_title":"Mortar pressure gauge with male adapter and male thread - Krause K + K GmbH","og_description":"Glycerine-filled pressure gauges (PN 0-100) for mortar pressure determination in plastering machines  Pressure gauge is 360\u00b0 rotatable, replaceable and covered with a rubber protection  Material: casting\/steel, zinc plated  Gasket: NBR (coupler)  There are two size systems: 22 and 23,5  Only the same system size is interchangeable  Advantages of the mortar pressure gauge: Constant control of the correct delivery pressure, early detection of plugging or overloading of the pump motor, long service life of the pump parts, serves to a large extent for the operators safety, etc.","og_url":"https:\/\/www.krause-kundk.de\/en\/products\/couplings\/mortar-couplings\/mortar-pressure-gauge-with-male-adapter-and-male-thread\/","og_site_name":"Krause K + K GmbH","article_modified_time":"2021-09-20T12:07:16+00:00","og_image":[{"width":601,"height":620,"url":"https:\/\/www.krause-kundk.de\/wp-content\/uploads\/2021\/03\/M\u00f6rteldruckmanometer-mit-M\u00f6rtelkupplung-Vaterteil-und-Au\u00dfengewinde.jpg","type":"image\/jpeg"}],"twitter_card":"summary_large_image","schema":{"@context":"https:\/\/schema.org","@graph":[{"@type":"WebPage","@id":"https:\/\/www.krause-kundk.de\/en\/products\/couplings\/mortar-couplings\/mortar-pressure-gauge-with-male-adapter-and-male-thread\/","url":"https:\/\/www.krause-kundk.de\/en\/products\/couplings\/mortar-couplings\/mortar-pressure-gauge-with-male-adapter-and-male-thread\/","name":"Mortar pressure gauge with male adapter and male thread - Krause K + K GmbH","isPartOf":{"@id":"https:\/\/www.krause-kundk.de\/#website"},"primaryImageOfPage":{"@id":"https:\/\/www.krause-kundk.de\/en\/products\/couplings\/mortar-couplings\/mortar-pressure-gauge-with-male-adapter-and-male-thread\/#primaryimage"},"image":{"@id":"https:\/\/www.krause-kundk.de\/en\/products\/couplings\/mortar-couplings\/mortar-pressure-gauge-with-male-adapter-and-male-thread\/#primaryimage"},"thumbnailUrl":"https:\/\/www.krause-kundk.de\/wp-content\/uploads\/2021\/03\/M\u00f6rteldruckmanometer-mit-M\u00f6rtelkupplung-Vaterteil-und-Au\u00dfengewinde.jpg","datePublished":"2021-02-19T07:48:15+00:00","dateModified":"2021-09-20T12:07:16+00:00","breadcrumb":{"@id":"https:\/\/www.krause-kundk.de\/en\/products\/couplings\/mortar-couplings\/mortar-pressure-gauge-with-male-adapter-and-male-thread\/#breadcrumb"},"inLanguage":"en-US","potentialAction":[{"@type":"ReadAction","target":["https:\/\/www.krause-kundk.de\/en\/products\/couplings\/mortar-couplings\/mortar-pressure-gauge-with-male-adapter-and-male-thread\/"]}]},{"@type":"ImageObject","inLanguage":"en-US","@id":"https:\/\/www.krause-kundk.de\/en\/products\/couplings\/mortar-couplings\/mortar-pressure-gauge-with-male-adapter-and-male-thread\/#primaryimage","url":"https:\/\/www.krause-kundk.de\/wp-content\/uploads\/2021\/03\/M\u00f6rteldruckmanometer-mit-M\u00f6rtelkupplung-Vaterteil-und-Au\u00dfengewinde.jpg","contentUrl":"https:\/\/www.krause-kundk.de\/wp-content\/uploads\/2021\/03\/M\u00f6rteldruckmanometer-mit-M\u00f6rtelkupplung-Vaterteil-und-Au\u00dfengewinde.jpg","width":601,"height":620,"caption":"Mortar pressure gauge with male adapter and male thread"},{"@type":"BreadcrumbList","@id":"https:\/\/www.krause-kundk.de\/en\/products\/couplings\/mortar-couplings\/mortar-pressure-gauge-with-male-adapter-and-male-thread\/#breadcrumb","itemListElement":[{"@type":"ListItem","position":1,"name":"","item":"https:\/\/www.krause-kundk.de\/en\/"},{"@type":"ListItem","position":2,"name":"Products","item":"https:\/\/www.krause-kundk.de\/en\/product-overview\/"},{"@type":"ListItem","position":3,"name":"Couplings","item":"https:\/\/www.krause-kundk.de\/en\/product-category\/couplings\/"},{"@type":"ListItem","position":4,"name":"Mortar couplings and accessories","item":"https:\/\/www.krause-kundk.de\/en\/product-category\/couplings\/mortar-couplings\/"},{"@type":"ListItem","position":5,"name":"Mortar pressure gauge with male adapter and male thread"}]},{"@type":"WebSite","@id":"https:\/\/www.krause-kundk.de\/#website","url":"https:\/\/www.krause-kundk.de\/","name":"Krause K + K GmbH","description":"Armaturenfabrik","publisher":{"@id":"https:\/\/www.krause-kundk.de\/#organization"},"potentialAction":[{"@type":"SearchAction","target":{"@type":"EntryPoint","urlTemplate":"https:\/\/www.krause-kundk.de\/?s={search_term_string}"},"query-input":{"@type":"PropertyValueSpecification","valueRequired":true,"valueName":"search_term_string"}}],"inLanguage":"en-US"},{"@type":"Organization","@id":"https:\/\/www.krause-kundk.de\/#organization","name":"Krause K + K GmbH","url":"https:\/\/www.krause-kundk.de\/","logo":{"@type":"ImageObject","inLanguage":"en-US","@id":"https:\/\/www.krause-kundk.de\/#\/schema\/logo\/image\/","url":"https:\/\/www.krause-kundk.de\/wp-content\/uploads\/2021\/08\/logo_krause.png","contentUrl":"https:\/\/www.krause-kundk.de\/wp-content\/uploads\/2021\/08\/logo_krause.png","width":300,"height":52,"caption":"Krause K + K GmbH"},"image":{"@id":"https:\/\/www.krause-kundk.de\/#\/schema\/logo\/image\/"}}]}},"_links":{"self":[{"href":"https:\/\/www.krause-kundk.de\/en\/wp-json\/wp\/v2\/product\/22425","targetHints":{"allow":["GET"]}}],"collection":[{"href":"https:\/\/www.krause-kundk.de\/en\/wp-json\/wp\/v2\/product"}],"about":[{"href":"https:\/\/www.krause-kundk.de\/en\/wp-json\/wp\/v2\/types\/product"}],"wp:featuredmedia":[{"embeddable":true,"href":"https:\/\/www.krause-kundk.de\/en\/wp-json\/wp\/v2\/media\/22520"}],"wp:attachment":[{"href":"https:\/\/www.krause-kundk.de\/en\/wp-json\/wp\/v2\/media?parent=22425"}],"wp:term":[{"taxonomy":"product_cat","embeddable":true,"href":"https:\/\/www.krause-kundk.de\/en\/wp-json\/wp\/v2\/product_cat?post=22425"},{"taxonomy":"product_tag","embeddable":true,"href":"https:\/\/www.krause-kundk.de\/en\/wp-json\/wp\/v2\/product_tag?post=22425"}],"curies":[{"name":"wp","href":"https:\/\/api.w.org\/{rel}","templated":true}]}}